{"id":248,"date":"2026-01-05T19:31:28","date_gmt":"2026-01-05T19:31:28","guid":{"rendered":"http:\/\/web-dizajn5.com.hr\/?page_id=248"},"modified":"2026-01-05T20:07:10","modified_gmt":"2026-01-05T20:07:10","slug":"o-nama","status":"publish","type":"page","link":"http:\/\/web-dizajn5.com.hr\/?page_id=248","title":{"rendered":"O nama"},"content":{"rendered":"<div id=\"sp-page\" class=\"spBgcover sp-content-1\" style=\"background-color: rgb(255, 255, 255); font-family: 'Helvetica Neue', Arial, sans-serif; font-weight: 400;\">\n<section id=\"sp-ks8a8s\" data-mobile-visibility=\"#sp-ks8a8s|false\" data-tablet-visibility=\"#sp-ks8a8s|false\" data-desktop-visibility=\"#sp-ks8a8s|false\" data-mobile-css=\"\" data-tablet-css=\"\" class=\"sp-el-section \" style=\"width: 100%; max-width: 100%;\">\n<div id=\"sp-vw3kvy\" data-mobile-visibility=\"#sp-vw3kvy|false\" data-tablet-visibility=\"#sp-vw3kvy|false\" data-desktop-visibility=\"#sp-vw3kvy|false\" data-mobile-css=\"\" data-tablet-css=\"\" class=\"sp-el-row sp-w-full  sp-m-auto sm:sp-flex sp-justify-between\">\n<div id=\"sp-hv6b1z\" data-mobile-visibility=\"#sp-hv6b1z|false\" data-tablet-visibility=\"#sp-hv6b1z|false\" data-desktop-visibility=\"#sp-hv6b1z|false\" data-mobile-css=\"\" data-tablet-css=\"\" class=\"sp-el-col  sp-w-full\" style=\"width: calc(100% + 0px); background-image: linear-gradient(0deg, rgba(255, 255, 255, 0), rgba(255, 255, 255, 0)), url('http:\/\/web-dizajn5.com.hr\/wp-content\/uploads\/2026\/01\/wordpress-552924_1280.jpg');\">\n<div id=\"sp-fmm0yz\" data-mobile-css=\".sp-text-wrapper-fmm0yz, #sp-fmm0yz, #fmm0yz|text-align:left;\" data-tablet-css=\".sp-text-wrapper-fmm0yz, #sp-fmm0yz, #fmm0yz|text-align:left;\" data-mobile-visibility=\".sp-text-wrapper-fmm0yz|false\" data-tablet-visibility=\".sp-text-wrapper-fmm0yz|false\" data-desktop-visibility=\".sp-text-wrapper-fmm0yz|false\" class=\"sp-css-target sp-text-wrapper sp-el-block sp-text-block-style sp-text-wrapper-fmm0yz\" style=\"font-size: 100px; font-family: 'Times New Roman', Times, serif; color: rgb(30, 136, 229); margin: 0px; text-align: left;\">\n<p style=\"text-align: center;\">Web Dizajn<\/p>\n<p style=\"text-align: center;\">&nbsp;<\/p>\n<\/div>\n<\/div>\n<\/div>\n<\/section>\n<section id=\"sp-t5qjda\" data-mobile-visibility=\"#sp-t5qjda|false\" data-tablet-visibility=\"#sp-t5qjda|false\" data-desktop-visibility=\"#sp-t5qjda|false\" data-mobile-css=\"\" data-tablet-css=\"\" class=\"sp-el-section \" style=\"width: 100%; max-width: 100%;\">\n<div id=\"sp-w8nmui\" data-mobile-visibility=\"#sp-w8nmui|false\" data-tablet-visibility=\"#sp-w8nmui|false\" data-desktop-visibility=\"#sp-w8nmui|false\" data-mobile-css=\"\" data-tablet-css=\"\" class=\"sp-el-row sp-w-full  sp-m-auto sm:sp-flex sp-justify-between\">\n<div id=\"sp-i40g9y\" data-mobile-visibility=\"#sp-i40g9y|false\" data-tablet-visibility=\"#sp-i40g9y|false\" data-desktop-visibility=\"#sp-i40g9y|false\" data-mobile-css=\"\" data-tablet-css=\"\" class=\"sp-el-col  sp-w-full \" style=\"width: calc(100% + 0px); box-shadow: rgb(0, 0, 0) 3px 3px 3px 3px;\"><span href=\"\" target=\"\" rel=\"\" class=\"sp-header-block-link\" style=\"text-decoration: none;\"><\/p>\n<h1 id=\"sp-a5vuau\" data-mobile-css=\".sp-headline-block-a5vuau, #sp-a5vuau, #a5vuau|text-align:center;\" data-tablet-css=\".sp-headline-block-a5vuau, #sp-a5vuau, #a5vuau|text-align:center;\" data-mobile-visibility=\".sp-headline-block-a5vuau|false\" data-tablet-visibility=\".sp-headline-block-a5vuau|false\" data-desktop-visibility=\".sp-headline-block-a5vuau|false\" class=\"sp-css-target sp-el-block sp-headline-block-a5vuau sp-type-header\" style=\"font-weight: bold; font-family: 'Times New Roman', Times, serif; text-align: center; margin: 0px;\">O nama<\/h1>\n<p><\/span><\/div>\n<\/div>\n<\/section>\n<section id=\"sp-d88squ\" data-mobile-visibility=\"#sp-d88squ|false\" data-tablet-visibility=\"#sp-d88squ|false\" data-desktop-visibility=\"#sp-d88squ|false\" data-mobile-css=\"\" data-tablet-css=\"\" class=\"sp-el-section \" style=\"width: 100%; max-width: 100%;\">\n<div id=\"sp-b2isyr\" data-mobile-visibility=\"#sp-b2isyr|false\" data-tablet-visibility=\"#sp-b2isyr|false\" data-desktop-visibility=\"#sp-b2isyr|false\" data-mobile-css=\"\" data-tablet-css=\"\" class=\"sp-el-row sp-w-full  sp-m-auto sm:sp-flex sp-justify-between\">\n<div id=\"sp-v5gvth\" data-mobile-visibility=\"#sp-v5gvth|false\" data-tablet-visibility=\"#sp-v5gvth|false\" data-desktop-visibility=\"#sp-v5gvth|false\" data-mobile-css=\"\" data-tablet-css=\"\" class=\"sp-el-col  sp-w-full\" style=\"width: calc(100% + 0px); box-shadow: rgb(30, 136, 229) 5px 5px 5px 5px;\">\n<div id=\"sp-j8gbi8\" data-mobile-css=\".sp-text-wrapper-j8gbi8, #sp-j8gbi8, #j8gbi8|text-align:left;\" data-tablet-css=\".sp-text-wrapper-j8gbi8, #sp-j8gbi8, #j8gbi8|text-align:left;\" data-mobile-visibility=\".sp-text-wrapper-j8gbi8|false\" data-tablet-visibility=\".sp-text-wrapper-j8gbi8|false\" data-desktop-visibility=\".sp-text-wrapper-j8gbi8|false\" class=\"sp-css-target sp-text-wrapper sp-el-block sp-text-block-style sp-text-wrapper-j8gbi8\" style=\"margin: 0px; text-align: left;\">\n<p data-start=\"228\" data-end=\"505\">Bavimo se izradom web stranica s naglaskom na jednostavnost, preglednost i stvarne potrebe korisnika.<br data-start=\"329\" data-end=\"332\">Na\u0161 pristup temelji se na razumijevanju sadr\u017eaja, ciljne publike i svrhe web stranice \u2013 jer vjerujemo da dobra web stranica nije samo vizualno privla\u010dna, ve\u0107 i funkcionalna.<\/p>\n<p data-start=\"507\" data-end=\"774\">Radimo s WordPressom i modernim alatima koji omogu\u0107uju fleksibilnost, lako odr\u017eavanje i prilagodbu razli\u010ditim vrstama projekata.<br data-start=\"635\" data-end=\"638\">Svaki projekt promatramo kao zasebnu cjelinu i prilago\u0111avamo ga konkretnim zahtjevima, bez nepotrebnih komplikacija i tehni\u010dkih vi\u0161kova.<\/p>\n<p data-start=\"776\" data-end=\"1059\">Posebnu pa\u017enju posve\u0107ujemo responzivnom dizajnu, jasno\u0107i sadr\u017eaja i osnovnoj optimizaciji, kako bi web stranice bile ugodne za kori\u0161tenje i razumljive posjetiteljima.<br data-start=\"942\" data-end=\"945\">Cilj nam je izraditi stranice koje profesionalno predstavljaju klijente i omogu\u0107uju im stabilnu online prisutnost.<\/p>\n<p data-start=\"1061\" data-end=\"1215\">Kontinuirano nadogra\u0111ujemo svoje znanje i pratimo razvoj web tehnologija kako bismo svaku novu stranicu izradili kvalitetnije i u\u010dinkovitije od prethodne.<\/p>\n<\/div>\n<\/div>\n<\/div>\n<\/section>\n<section id=\"sp-avxpbh\" data-mobile-visibility=\"#sp-avxpbh|false\" data-tablet-visibility=\"#sp-avxpbh|false\" data-desktop-visibility=\"#sp-avxpbh|false\" data-mobile-css=\"\" data-tablet-css=\"\" class=\"sp-el-section \" style=\"width: 100%; max-width: 100%;\">\n<div id=\"sp-o9gm0d\" data-mobile-visibility=\"#sp-o9gm0d|false\" data-tablet-visibility=\"#sp-o9gm0d|false\" data-desktop-visibility=\"#sp-o9gm0d|false\" data-mobile-css=\"\" data-tablet-css=\"\" class=\"sp-el-row sp-w-full  sp-m-auto sm:sp-flex sp-justify-between\">\n<div id=\"sp-amxnfy\" data-mobile-visibility=\"#sp-amxnfy|false\" data-tablet-visibility=\"#sp-amxnfy|false\" data-desktop-visibility=\"#sp-amxnfy|false\" data-mobile-css=\"\" data-tablet-css=\"\" class=\"sp-el-col  sp-w-full\" style=\"width: calc(100% + 0px);\">\n<div id=\"sp-button-parent-qrzi3m\" data-mobile-css=\"#sp-button-parent-qrzi3m|text-align:center;\" data-tablet-css=\"#sp-button-parent-qrzi3m|text-align:center;\" class=\"sp-button-wrapper sp-el-block\" style=\"margin: 0px; text-align: center;\"><a href=\"http:\/\/web-dizajn5.com.hr\" id=\"sp-qrzi3m\" data-mobile-css=\"\" data-tablet-css=\"\" data-mobile-visibility=\".sp-button-qrzi3m|false\" data-tablet-visibility=\".sp-button-qrzi3m|false\" data-desktop-visibility=\".sp-button-qrzi3m|false\" target=\"\" rel=\"\" class=\"sp-button sp-css-target sp-text-center sp-inline-block sp-leading-none sp-button-qrzi3m\" style=\"font-size: 18px; background: rgb(0, 0, 0); color: rgb(255, 255, 255); width: auto; padding: 12px 16px;\"><span style=\"font-family: 'Times New Roman', Times, serif;\">Po\u010detna<\/span><\/a><\/div>\n<\/div>\n<\/div>\n<\/section>\n<\/div>\n","protected":false},"excerpt":{"rendered":"<p>Web Dizajn &nbsp; O nama Bavimo se izradom web stranica s naglaskom na jednostavnost, preglednost i stvarne potrebe korisnika.Na\u0161 pristup temelji se na razumijevanju sadr\u017eaja, ciljne publike i svrhe web stranice \u2013 jer vjerujemo da dobra web stranica nije samo vizualno privla\u010dna, ve\u0107 i funkcionalna. Radimo s WordPressom i modernim alatima koji omogu\u0107uju fleksibilnost, lako [&hellip;]<\/p>\n","protected":false},"author":1,"featured_media":0,"parent":0,"menu_order":0,"comment_status":"closed","ping_status":"closed","template":"","meta":{"pagelayer_contact_templates":[],"_pagelayer_content":"","footnotes":""},"class_list":["post-248","page","type-page","status-publish","hentry"],"_links":{"self":[{"href":"http:\/\/web-dizajn5.com.hr\/index.php?rest_route=\/wp\/v2\/pages\/248","targetHints":{"allow":["GET"]}}],"collection":[{"href":"http:\/\/web-dizajn5.com.hr\/index.php?rest_route=\/wp\/v2\/pages"}],"about":[{"href":"http:\/\/web-dizajn5.com.hr\/index.php?rest_route=\/wp\/v2\/types\/page"}],"author":[{"embeddable":true,"href":"http:\/\/web-dizajn5.com.hr\/index.php?rest_route=\/wp\/v2\/users\/1"}],"replies":[{"embeddable":true,"href":"http:\/\/web-dizajn5.com.hr\/index.php?rest_route=%2Fwp%2Fv2%2Fcomments&post=248"}],"version-history":[{"count":13,"href":"http:\/\/web-dizajn5.com.hr\/index.php?rest_route=\/wp\/v2\/pages\/248\/revisions"}],"predecessor-version":[{"id":252,"href":"http:\/\/web-dizajn5.com.hr\/index.php?rest_route=\/wp\/v2\/pages\/248\/revisions\/252"}],"wp:attachment":[{"href":"http:\/\/web-dizajn5.com.hr\/index.php?rest_route=%2Fwp%2Fv2%2Fmedia&parent=248"}],"curies":[{"name":"wp","href":"https:\/\/api.w.org\/{rel}","templated":true}]}}