{"id":221,"date":"2026-01-05T18:39:54","date_gmt":"2026-01-05T18:39:54","guid":{"rendered":"http:\/\/web-dizajn5.com.hr\/?page_id=221"},"modified":"2026-01-05T19:59:40","modified_gmt":"2026-01-05T19:59:40","slug":"usluge","status":"publish","type":"page","link":"http:\/\/web-dizajn5.com.hr\/?page_id=221","title":{"rendered":"Usluge"},"content":{"rendered":"<div id=\"sp-page\" class=\"spBgcover sp-content-1\" style=\"background-color: rgb(255, 255, 255); font-family: 'Helvetica Neue', Arial, sans-serif; font-weight: 400;\">\n<section id=\"sp-kwjgx7\" data-mobile-visibility=\"#sp-kwjgx7|false\" data-tablet-visibility=\"#sp-kwjgx7|false\" data-desktop-visibility=\"#sp-kwjgx7|false\" data-mobile-css=\"\" data-tablet-css=\"\" class=\"sp-el-section \" style=\"width: 100%; max-width: 100%;\">\n<div id=\"sp-yq9w05\" data-mobile-visibility=\"#sp-yq9w05|false\" data-tablet-visibility=\"#sp-yq9w05|false\" data-desktop-visibility=\"#sp-yq9w05|false\" data-mobile-css=\"\" data-tablet-css=\"\" class=\"sp-el-row sp-w-full  sp-m-auto sm:sp-flex sp-justify-between\">\n<div id=\"sp-tr46dt\" data-mobile-visibility=\"#sp-tr46dt|false\" data-tablet-visibility=\"#sp-tr46dt|false\" data-desktop-visibility=\"#sp-tr46dt|false\" data-mobile-css=\"\" data-tablet-css=\"\" class=\"sp-el-col  sp-w-full\" style=\"width: calc(100% + 0px); background-image: linear-gradient(0deg, rgba(0, 0, 0, 0), rgba(0, 0, 0, 0)), url('http:\/\/web-dizajn5.com.hr\/wp-content\/uploads\/2026\/01\/wordpress-552924_1280.jpg');\"><span href=\"\" target=\"\" rel=\"\" class=\"sp-header-block-link\" style=\"text-decoration: none;\"><\/p>\n<h1 id=\"sp-ikl77a\" data-mobile-css=\".sp-headline-block-ikl77a, #sp-ikl77a, #ikl77a|text-align:center;\" data-tablet-css=\".sp-headline-block-ikl77a, #sp-ikl77a, #ikl77a|text-align:center;\" data-mobile-visibility=\".sp-headline-block-ikl77a|false\" data-tablet-visibility=\".sp-headline-block-ikl77a|false\" data-desktop-visibility=\".sp-headline-block-ikl77a|false\" class=\"sp-css-target sp-el-block sp-headline-block-ikl77a sp-type-header\" style=\"font-size: 72px; font-weight: bold; font-family: 'Times New Roman', Times, serif; color: rgb(255, 255, 255); text-align: center; margin: 0px;\">Web Dizajn<\/h1>\n<p><\/span><\/p>\n<div id=\"sp-mq0z1m\" data-mobile-css=\".sp-text-wrapper-mq0z1m, #sp-mq0z1m, #mq0z1m|text-align:left;\" data-tablet-css=\".sp-text-wrapper-mq0z1m, #sp-mq0z1m, #mq0z1m|text-align:left;\" data-mobile-visibility=\".sp-text-wrapper-mq0z1m|false\" data-tablet-visibility=\".sp-text-wrapper-mq0z1m|false\" data-desktop-visibility=\".sp-text-wrapper-mq0z1m|false\" class=\"sp-css-target sp-text-wrapper sp-el-block sp-text-block-style sp-text-wrapper-mq0z1m\" style=\"margin: 0px; text-align: left;\">\n<p>&nbsp;<\/p>\n<p>&nbsp;<\/p>\n<p>&nbsp;<\/p>\n<p>&nbsp;<\/p>\n<\/div>\n<\/div>\n<\/div>\n<\/section>\n<section id=\"sp-ynche3\" data-mobile-visibility=\"#sp-ynche3|false\" data-tablet-visibility=\"#sp-ynche3|false\" data-desktop-visibility=\"#sp-ynche3|false\" data-mobile-css=\"\" data-tablet-css=\"\" class=\"sp-el-section \" style=\"width: 100%; max-width: 100%;\">\n<div id=\"sp-b26eet\" data-mobile-visibility=\"#sp-b26eet|false\" data-tablet-visibility=\"#sp-b26eet|false\" data-desktop-visibility=\"#sp-b26eet|false\" data-mobile-css=\"\" data-tablet-css=\"\" class=\"sp-el-row sp-w-full  sp-m-auto sm:sp-flex sp-justify-between\">\n<div id=\"sp-k27a8g\" data-mobile-visibility=\"#sp-k27a8g|false\" data-tablet-visibility=\"#sp-k27a8g|false\" data-desktop-visibility=\"#sp-k27a8g|false\" data-mobile-css=\"\" data-tablet-css=\"\" class=\"sp-el-col  sp-w-full \" style=\"width: calc(100% + 0px); background-image: linear-gradient(0deg, rgba(0, 0, 0, 0), rgba(0, 0, 0, 0)), url('http:\/\/web-dizajn5.com.hr\/wp-content\/uploads\/2026\/01\/mac-3616959_1280.jpg');\"><span href=\"\" target=\"\" rel=\"\" class=\"sp-header-block-link\" style=\"text-decoration: none;\"><\/p>\n<h1 id=\"sp-doj09c\" data-mobile-css=\".sp-headline-block-doj09c, #sp-doj09c, #doj09c|text-align:center;\" data-tablet-css=\".sp-headline-block-doj09c, #sp-doj09c, #doj09c|text-align:center;\" data-mobile-visibility=\".sp-headline-block-doj09c|false\" data-tablet-visibility=\".sp-headline-block-doj09c|false\" data-desktop-visibility=\".sp-headline-block-doj09c|false\" class=\"sp-css-target sp-el-block sp-headline-block-doj09c sp-type-header\" style=\"font-weight: bold; font-family: 'Times New Roman', Times, serif; text-align: center; margin: 0px;\">Usluge<\/h1>\n<p><\/span><\/div>\n<\/div>\n<\/section>\n<section id=\"sp-jy823v\" data-mobile-visibility=\"#sp-jy823v|false\" data-tablet-visibility=\"#sp-jy823v|false\" data-desktop-visibility=\"#sp-jy823v|false\" data-mobile-css=\"\" data-tablet-css=\"\" class=\"sp-el-section \" style=\"width: 100%; max-width: 100%;\">\n<div id=\"sp-pflshz\" data-mobile-visibility=\"#sp-pflshz|false\" data-tablet-visibility=\"#sp-pflshz|false\" data-desktop-visibility=\"#sp-pflshz|false\" data-mobile-css=\"\" data-tablet-css=\"\" class=\"sp-el-row sp-w-full  sp-m-auto sm:sp-flex sp-justify-between\">\n<div id=\"sp-pyr00q\" data-mobile-visibility=\"#sp-pyr00q|false\" data-tablet-visibility=\"#sp-pyr00q|false\" data-desktop-visibility=\"#sp-pyr00q|false\" data-mobile-css=\"\" data-tablet-css=\"\" class=\"sp-el-col  sp-w-full\" style=\"box-shadow: rgb(54, 126, 57) 5px 5px 5px 5px; width: calc(100% + 0px);\">\n<div id=\"sp-fdxeoj\" data-mobile-css=\".sp-text-wrapper-fdxeoj, #sp-fdxeoj, #fdxeoj|text-align:left;\" data-tablet-css=\".sp-text-wrapper-fdxeoj, #sp-fdxeoj, #fdxeoj|text-align:left;\" data-mobile-visibility=\".sp-text-wrapper-fdxeoj|false\" data-tablet-visibility=\".sp-text-wrapper-fdxeoj|false\" data-desktop-visibility=\".sp-text-wrapper-fdxeoj|false\" class=\"sp-css-target sp-text-wrapper sp-el-block sp-text-block-style sp-text-wrapper-fdxeoj\" style=\"font-size: 20px; font-family: 'Times New Roman', Times, serif; margin: 0px; text-align: left;\">\n<p style=\"text-align: center;\">Na\u0161e usluge pokrivaju sve aspekte web dizajna i digitalne prisutnosti, prilago\u0111ene potrebama malih tvrtki, obrta i samostalnih djelatnosti.<br data-start=\"371\" data-end=\"374\">Svaka usluga razvijena je s naglaskom na funkcionalnost, vizualnu privla\u010dnost i responzivnost, kako bi va\u0161a web prisutnost bila moderna, pregledna i u\u010dinkovita.<\/p>\n<\/div>\n<\/div>\n<\/div>\n<\/section>\n<section id=\"sp-n3yp3x\" data-mobile-visibility=\"#sp-n3yp3x|false\" data-tablet-visibility=\"#sp-n3yp3x|false\" data-desktop-visibility=\"#sp-n3yp3x|false\" data-mobile-css=\"\" data-tablet-css=\"\" class=\"sp-el-section \" style=\"width: 100%; max-width: 100%;\">\n<div id=\"sp-jflfll\" data-mobile-visibility=\"#sp-jflfll|false\" data-tablet-visibility=\"#sp-jflfll|false\" data-desktop-visibility=\"#sp-jflfll|false\" data-mobile-css=\"\" data-tablet-css=\"\" class=\"sp-el-row sp-w-full  sp-m-auto sm:sp-flex sp-justify-between\" style=\"margin-top: 10px;\">\n<div id=\"sp-yfyjuu\" data-mobile-visibility=\"#sp-yfyjuu|false\" data-tablet-visibility=\"#sp-yfyjuu|false\" data-desktop-visibility=\"#sp-yfyjuu|false\" data-mobile-css=\"#sp-yfyjuu|margin-bottom:20px;\" data-tablet-css=\"\" class=\"sp-el-col  sp-w-full\" style=\"border-radius: 20px; box-shadow: rgb(28, 0, 251) 5px 5px 5px 5px; width: calc(25% - 20px);\"><span href=\"\" target=\"\" rel=\"\" class=\"sp-header-block-link\" style=\"text-decoration: none;\"><\/p>\n<h2 id=\"sp-r7e7fp\" data-mobile-css=\".sp-headline-block-r7e7fp, #sp-r7e7fp, #r7e7fp|text-align:center;\" data-tablet-css=\".sp-headline-block-r7e7fp, #sp-r7e7fp, #r7e7fp|text-align:center;\" data-mobile-visibility=\".sp-headline-block-r7e7fp|false\" data-tablet-visibility=\".sp-headline-block-r7e7fp|false\" data-desktop-visibility=\".sp-headline-block-r7e7fp|false\" class=\"sp-css-target sp-el-block sp-headline-block-r7e7fp sp-type-header\" style=\"font-size: 25px; font-family: 'Times New Roman', Times, serif; text-align: center; margin: 0px;\"><strong>Web dizajn u WordPressu<\/strong><\/h2>\n<p><\/span><\/div>\n<div id=\"sp-uvsvt6\" data-mobile-visibility=\"#sp-uvsvt6|false\" data-tablet-visibility=\"#sp-uvsvt6|false\" data-desktop-visibility=\"#sp-uvsvt6|false\" data-mobile-css=\"#sp-uvsvt6|margin-bottom:20px;\" data-tablet-css=\"\" class=\"sp-el-col  sp-w-full\" style=\"border-radius: 20px; box-shadow: rgb(28, 0, 251) 5px 5px 5px 5px; width: calc(25% - 20px);\"><span href=\"\" target=\"\" rel=\"\" class=\"sp-header-block-link\" style=\"text-decoration: none;\"><\/p>\n<h2 id=\"sp-rq8nl3\" data-mobile-css=\".sp-headline-block-rq8nl3, #sp-rq8nl3, #rq8nl3|text-align:center;\" data-tablet-css=\".sp-headline-block-rq8nl3, #sp-rq8nl3, #rq8nl3|text-align:center;\" data-mobile-visibility=\".sp-headline-block-rq8nl3|false\" data-tablet-visibility=\".sp-headline-block-rq8nl3|false\" data-desktop-visibility=\".sp-headline-block-rq8nl3|false\" class=\"sp-css-target sp-el-block sp-headline-block-rq8nl3 sp-type-header\" style=\"font-size: 25px; font-family: 'Times New Roman', Times, serif; text-align: center; margin: 0px;\"><strong>SeedProd landing stranice<\/strong><\/h2>\n<p><\/span><\/div>\n<div id=\"sp-q5vqx0\" data-mobile-visibility=\"#sp-q5vqx0|false\" data-tablet-visibility=\"#sp-q5vqx0|false\" data-desktop-visibility=\"#sp-q5vqx0|false\" data-mobile-css=\"#sp-q5vqx0|margin-bottom:20px;\" data-tablet-css=\"\" class=\"sp-el-col  sp-w-full\" style=\"border-radius: 20px; box-shadow: rgb(28, 0, 251) 5px 5px 5px 5px; background-color: rgb(255, 255, 255); width: calc(25% - 20px);\"><span href=\"\" target=\"\" rel=\"\" class=\"sp-header-block-link\" style=\"text-decoration: none;\"><\/p>\n<h1 id=\"sp-ff3lvp\" data-mobile-css=\".sp-headline-block-ff3lvp, #sp-ff3lvp, #ff3lvp|text-align:center;\" data-tablet-css=\".sp-headline-block-ff3lvp, #sp-ff3lvp, #ff3lvp|text-align:center;\" data-mobile-visibility=\".sp-headline-block-ff3lvp|false\" data-tablet-visibility=\".sp-headline-block-ff3lvp|false\" data-desktop-visibility=\".sp-headline-block-ff3lvp|false\" class=\"sp-css-target sp-el-block sp-headline-block-ff3lvp sp-type-header\" style=\"font-size: 25px; font-family: 'Times New Roman', Times, serif; text-align: center; margin: 0px;\"><strong>Redizajn postoje\u0107ih web stranica<\/strong><\/h1>\n<p><\/span><\/div>\n<div id=\"sp-bobpb5\" data-mobile-visibility=\"#sp-bobpb5|false\" data-tablet-visibility=\"#sp-bobpb5|false\" data-desktop-visibility=\"#sp-bobpb5|false\" data-mobile-css=\"#sp-bobpb5|margin-bottom:20px;\" data-tablet-css=\"\" class=\"sp-el-col  sp-w-full\" style=\"border-radius: 20px; box-shadow: rgb(28, 0, 251) 5px 5px 5px 5px; width: calc(25% - 20px);\"><span href=\"\" target=\"\" rel=\"\" class=\"sp-header-block-link\" style=\"text-decoration: none;\"><\/p>\n<h1 id=\"sp-qdww5o\" data-mobile-css=\".sp-headline-block-qdww5o, #sp-qdww5o, #qdww5o|text-align:center;\" data-tablet-css=\".sp-headline-block-qdww5o, #sp-qdww5o, #qdww5o|text-align:center;\" data-mobile-visibility=\".sp-headline-block-qdww5o|false\" data-tablet-visibility=\".sp-headline-block-qdww5o|false\" data-desktop-visibility=\".sp-headline-block-qdww5o|false\" class=\"sp-css-target sp-el-block sp-headline-block-qdww5o sp-type-header\" style=\"font-size: 25px; font-family: 'Times New Roman', Times, serif; text-align: center; margin: 0px;\"><strong>Temelji SEO i optimizacija<\/strong><\/h1>\n<p><\/span><\/div>\n<\/div>\n<\/section>\n<section id=\"sp-przjgz\" data-mobile-visibility=\"#sp-przjgz|false\" data-tablet-visibility=\"#sp-przjgz|false\" data-desktop-visibility=\"#sp-przjgz|false\" data-mobile-css=\"\" data-tablet-css=\"\" class=\"sp-el-section \" style=\"width: 100%; max-width: 100%;\">\n<div id=\"sp-svqemy\" data-mobile-visibility=\"#sp-svqemy|false\" data-tablet-visibility=\"#sp-svqemy|false\" data-desktop-visibility=\"#sp-svqemy|false\" data-mobile-css=\"\" data-tablet-css=\"\" class=\"sp-el-row sp-w-full  sp-m-auto sm:sp-flex sp-justify-between\">\n<div id=\"sp-kyr20z\" data-mobile-visibility=\"#sp-kyr20z|false\" data-tablet-visibility=\"#sp-kyr20z|false\" data-desktop-visibility=\"#sp-kyr20z|false\" data-mobile-css=\"#sp-kyr20z|margin-bottom:20px;\" data-tablet-css=\"\" class=\"sp-el-col  sp-w-full\" style=\"border-radius: 20px; box-shadow: rgb(28, 0, 251) 5px 5px 5px 5px; width: calc(25% - 20px);\">\n<div id=\"sp-exd0le\" data-mobile-css=\".sp-text-wrapper-exd0le, #sp-exd0le, #exd0le|text-align:left;\" data-tablet-css=\".sp-text-wrapper-exd0le, #sp-exd0le, #exd0le|text-align:left;\" data-mobile-visibility=\".sp-text-wrapper-exd0le|false\" data-tablet-visibility=\".sp-text-wrapper-exd0le|false\" data-desktop-visibility=\".sp-text-wrapper-exd0le|false\" class=\"sp-css-target sp-text-wrapper sp-el-block sp-text-block-style sp-text-wrapper-exd0le\" style=\"font-family: 'Times New Roman', Times, serif; margin: 0px; text-align: left;\">\n<p>Izra\u0111ujemo WordPress web stranice koje kombiniraju estetiku i prakti\u010dnost.<br \/>Svaka stranica je responzivna, prilago\u0111ena svim ure\u0111ajima, i omogu\u0107uje jednostavno upravljanje sadr\u017eajem, kako bi klijenti mogli sami a\u017eurirati podatke bez komplikacija.<\/p>\n<p>&nbsp;<\/p>\n<\/div>\n<\/div>\n<div id=\"sp-drfia2\" data-mobile-visibility=\"#sp-drfia2|false\" data-tablet-visibility=\"#sp-drfia2|false\" data-desktop-visibility=\"#sp-drfia2|false\" data-mobile-css=\"#sp-drfia2|margin-bottom:20px;\" data-tablet-css=\"\" class=\"sp-el-col  sp-w-full\" style=\"border-radius: 20px; box-shadow: rgb(28, 0, 251) 5px 5px 5px 5px; width: calc(25% - 20px);\">\n<div id=\"sp-are1go\" data-mobile-css=\".sp-text-wrapper-are1go, #sp-are1go, #are1go|text-align:left;\" data-tablet-css=\".sp-text-wrapper-are1go, #sp-are1go, #are1go|text-align:left;\" data-mobile-visibility=\".sp-text-wrapper-are1go|false\" data-tablet-visibility=\".sp-text-wrapper-are1go|false\" data-desktop-visibility=\".sp-text-wrapper-are1go|false\" class=\"sp-css-target sp-text-wrapper sp-el-block sp-text-block-style sp-text-wrapper-are1go\" style=\"margin: 0px; text-align: left;\">\n<p>Kreiramo efektne one-page stranice pomo\u0107u WordPressa i SeedProda, idealne za promocije, proizvode ili usluge.<br \/>Landing stranice su dizajnirane da odmah privuku pa\u017enju, jasno predstave ponudu i potaknu posjetitelje na \u017eeljenu akciju.<\/p>\n<p>&nbsp;<\/p>\n<\/div>\n<\/div>\n<div id=\"sp-wfisp3\" data-mobile-visibility=\"#sp-wfisp3|false\" data-tablet-visibility=\"#sp-wfisp3|false\" data-desktop-visibility=\"#sp-wfisp3|false\" data-mobile-css=\"#sp-wfisp3|margin-bottom:20px;\" data-tablet-css=\"\" class=\"sp-el-col  sp-w-full\" style=\"border-radius: 20px; box-shadow: rgb(28, 0, 251) 5px 5px 5px 5px; background-color: rgb(255, 255, 255); width: calc(25% - 20px);\">\n<div id=\"sp-bb1pqu\" data-mobile-css=\".sp-text-wrapper-bb1pqu, #sp-bb1pqu, #bb1pqu|text-align:left;\" data-tablet-css=\".sp-text-wrapper-bb1pqu, #sp-bb1pqu, #bb1pqu|text-align:left;\" data-mobile-visibility=\".sp-text-wrapper-bb1pqu|false\" data-tablet-visibility=\".sp-text-wrapper-bb1pqu|false\" data-desktop-visibility=\".sp-text-wrapper-bb1pqu|false\" class=\"sp-css-target sp-text-wrapper sp-el-block sp-text-block-style sp-text-wrapper-bb1pqu\" style=\"margin: 0px; text-align: left;\">\n<p>Obnavljamo i moderniziramo postoje\u0107e stranice, pobolj\u0161avaju\u0107i dizajn, preglednost i funkcionalnost.<br \/>Prilago\u0111avamo ih mobilnim ure\u0111ajima, optimiziramo brzinu u\u010ditavanja i osiguravamo da stranice budu vizualno atraktivne i profesionalne.<\/p>\n<p>&nbsp;<\/p>\n<\/div>\n<\/div>\n<div id=\"sp-r4a959\" data-mobile-visibility=\"#sp-r4a959|false\" data-tablet-visibility=\"#sp-r4a959|false\" data-desktop-visibility=\"#sp-r4a959|false\" data-mobile-css=\"#sp-r4a959|margin-bottom:20px;\" data-tablet-css=\"\" class=\"sp-el-col  sp-w-full\" style=\"border-radius: 20px; box-shadow: rgb(28, 0, 251) 5px 5px 5px 5px; width: calc(25% - 20px);\">\n<div id=\"sp-mydjte\" data-mobile-css=\".sp-text-wrapper-mydjte, #sp-mydjte, #mydjte|text-align:left;\" data-tablet-css=\".sp-text-wrapper-mydjte, #sp-mydjte, #mydjte|text-align:left;\" data-mobile-visibility=\".sp-text-wrapper-mydjte|false\" data-tablet-visibility=\".sp-text-wrapper-mydjte|false\" data-desktop-visibility=\".sp-text-wrapper-mydjte|false\" class=\"sp-css-target sp-text-wrapper sp-el-block sp-text-block-style sp-text-wrapper-mydjte\" style=\"margin: 0px; text-align: left;\">\n<p>Postavljamo osnovne SEO postavke kako bi stranice bile vidljivije na tra\u017eilicama.<br \/>Uklju\u010dujemo pravilnu strukturu naslova, meta opise, ALT oznake za slike i tehni\u010dku optimizaciju, osiguravaju\u0107i bolje korisni\u010dko iskustvo i ve\u0107u \u0161ansu da posjetitelji prona\u0111u va\u0161u ponudu.<\/p>\n<\/div>\n<\/div>\n<\/div>\n<\/section>\n<section id=\"sp-cu7bhr\" data-mobile-visibility=\"#sp-cu7bhr|false\" data-tablet-visibility=\"#sp-cu7bhr|false\" data-desktop-visibility=\"#sp-cu7bhr|false\" data-mobile-css=\"\" data-tablet-css=\"\" class=\"sp-el-section \" style=\"width: 100%; max-width: 100%;\">\n<div id=\"sp-d45pjc\" data-mobile-visibility=\"#sp-d45pjc|false\" data-tablet-visibility=\"#sp-d45pjc|false\" data-desktop-visibility=\"#sp-d45pjc|false\" data-mobile-css=\"\" data-tablet-css=\"\" class=\"sp-el-row sp-w-full  sp-m-auto sm:sp-flex sp-justify-between\">\n<div id=\"sp-enowy1\" data-mobile-visibility=\"#sp-enowy1|false\" data-tablet-visibility=\"#sp-enowy1|false\" data-desktop-visibility=\"#sp-enowy1|false\" data-mobile-css=\"\" data-tablet-css=\"\" class=\"sp-el-col  sp-w-full\" style=\"border-radius: 20px; box-shadow: rgb(0, 0, 0) 5px 5px 5px 5px; width: calc(100% + 0px); margin-top: 15px;\">\n<div id=\"sp-bb6ikj\" data-mobile-css=\".sp-text-wrapper-bb6ikj, #sp-bb6ikj, #bb6ikj|text-align:left;\" data-tablet-css=\".sp-text-wrapper-bb6ikj, #sp-bb6ikj, #bb6ikj|text-align:left;\" data-mobile-visibility=\".sp-text-wrapper-bb6ikj|false\" data-tablet-visibility=\".sp-text-wrapper-bb6ikj|false\" data-desktop-visibility=\".sp-text-wrapper-bb6ikj|false\" class=\"sp-css-target sp-text-wrapper sp-el-block sp-text-block-style sp-text-wrapper-bb6ikj\" style=\"font-size: 20px; font-family: 'Times New Roman', Times, serif; margin: 0px; text-align: left;\">\n<p style=\"text-align: center;\">Na\u0161e usluge omogu\u0107uju da va\u0161e web stranice budu <strong data-start=\"1781\" data-end=\"1854\">moderni, pregledni i funkcionalni alati za komunikaciju s korisnicima<\/strong>.<br data-start=\"1855\" data-end=\"1858\">Kontaktirajte nas kako bismo zajedno razvili rje\u0161enja koja najbolje predstavljaju va\u0161 posao online.<\/p>\n<\/div>\n<\/div>\n<\/div>\n<\/section>\n<section id=\"sp-t396e7\" data-mobile-visibility=\"#sp-t396e7|false\" data-tablet-visibility=\"#sp-t396e7|false\" data-desktop-visibility=\"#sp-t396e7|false\" data-mobile-css=\"\" data-tablet-css=\"\" class=\"sp-el-section \" style=\"width: 100%; max-width: 100%;\">\n<div id=\"sp-l0wcm3\" data-mobile-visibility=\"#sp-l0wcm3|false\" data-tablet-visibility=\"#sp-l0wcm3|false\" data-desktop-visibility=\"#sp-l0wcm3|false\" data-mobile-css=\"\" data-tablet-css=\"\" class=\"sp-el-row sp-w-full  sp-m-auto sm:sp-flex sp-justify-between\">\n<div id=\"sp-rgsw6z\" data-mobile-visibility=\"#sp-rgsw6z|false\" data-tablet-visibility=\"#sp-rgsw6z|false\" data-desktop-visibility=\"#sp-rgsw6z|false\" data-mobile-css=\"\" data-tablet-css=\"\" class=\"sp-el-col  sp-w-full\" style=\"width: calc(100% + 0px);\">\n<div id=\"sp-button-parent-g8bqbs\" data-mobile-css=\"#sp-button-parent-g8bqbs|text-align:center;\" data-tablet-css=\"#sp-button-parent-g8bqbs|text-align:center;\" class=\"sp-button-wrapper sp-el-block\" style=\"margin: 0px; text-align: center;\"><a href=\"http:\/\/web-dizajn5.com.hr\" id=\"sp-g8bqbs\" data-mobile-css=\"\" data-tablet-css=\"\" data-mobile-visibility=\".sp-button-g8bqbs|false\" data-tablet-visibility=\".sp-button-g8bqbs|false\" data-desktop-visibility=\".sp-button-g8bqbs|false\" target=\"\" rel=\"\" class=\"sp-button sp-css-target sp-text-center sp-inline-block sp-leading-none sp-button-g8bqbs\" style=\"font-size: 18px; background: rgb(0, 0, 0); color: rgb(255, 255, 255); width: auto; padding: 12px 16px;\"><span style=\"font-family: 'Times New Roman', Times, serif;\">Po\u010detna<\/span><\/a><\/div>\n<\/div>\n<\/div>\n<\/section>\n<\/div>\n","protected":false},"excerpt":{"rendered":"<p>Web Dizajn &nbsp; &nbsp; &nbsp; &nbsp; Usluge Na\u0161e usluge pokrivaju sve aspekte web dizajna i digitalne prisutnosti, prilago\u0111ene potrebama malih tvrtki, obrta i samostalnih djelatnosti.Svaka usluga razvijena je s naglaskom na funkcionalnost, vizualnu privla\u010dnost i responzivnost, kako bi va\u0161a web prisutnost bila moderna, pregledna i u\u010dinkovita. Web dizajn u WordPressu SeedProd landing stranice Redizajn postoje\u0107ih [&hellip;]<\/p>\n","protected":false},"author":1,"featured_media":0,"parent":0,"menu_order":0,"comment_status":"closed","ping_status":"closed","template":"","meta":{"pagelayer_contact_templates":[],"_pagelayer_content":"","footnotes":""},"class_list":["post-221","page","type-page","status-publish","hentry"],"_links":{"self":[{"href":"http:\/\/web-dizajn5.com.hr\/index.php?rest_route=\/wp\/v2\/pages\/221","targetHints":{"allow":["GET"]}}],"collection":[{"href":"http:\/\/web-dizajn5.com.hr\/index.php?rest_route=\/wp\/v2\/pages"}],"about":[{"href":"http:\/\/web-dizajn5.com.hr\/index.php?rest_route=\/wp\/v2\/types\/page"}],"author":[{"embeddable":true,"href":"http:\/\/web-dizajn5.com.hr\/index.php?rest_route=\/wp\/v2\/users\/1"}],"replies":[{"embeddable":true,"href":"http:\/\/web-dizajn5.com.hr\/index.php?rest_route=%2Fwp%2Fv2%2Fcomments&post=221"}],"version-history":[{"count":29,"href":"http:\/\/web-dizajn5.com.hr\/index.php?rest_route=\/wp\/v2\/pages\/221\/revisions"}],"predecessor-version":[{"id":273,"href":"http:\/\/web-dizajn5.com.hr\/index.php?rest_route=\/wp\/v2\/pages\/221\/revisions\/273"}],"wp:attachment":[{"href":"http:\/\/web-dizajn5.com.hr\/index.php?rest_route=%2Fwp%2Fv2%2Fmedia&parent=221"}],"curies":[{"name":"wp","href":"https:\/\/api.w.org\/{rel}","templated":true}]}}