{"id":189,"date":"2026-01-05T16:35:40","date_gmt":"2026-01-05T16:35:40","guid":{"rendered":"http:\/\/web-dizajn5.com.hr\/?page_id=189"},"modified":"2026-01-23T10:27:48","modified_gmt":"2026-01-23T10:27:48","slug":"paketi","status":"publish","type":"page","link":"http:\/\/web-dizajn5.com.hr\/?page_id=189","title":{"rendered":"Paketi"},"content":{"rendered":"<div id=\"sp-page\" class=\"spBgcover sp-content-1\" style=\"background-color: rgb(255, 255, 255); font-family: 'Helvetica Neue', Arial, sans-serif; font-weight: 400;\">\n<section id=\"sp-ks8a8s\" data-mobile-visibility=\"#sp-ks8a8s|false\" data-tablet-visibility=\"#sp-ks8a8s|false\" data-desktop-visibility=\"#sp-ks8a8s|false\" data-mobile-css=\"\" data-tablet-css=\"\" class=\"sp-el-section \" style=\"width: 100%; max-width: 100%; padding: 10px; margin-top: 15px; margin-bottom: 33px;\">\n<div id=\"sp-vw3kvy\" data-mobile-visibility=\"#sp-vw3kvy|false\" data-tablet-visibility=\"#sp-vw3kvy|false\" data-desktop-visibility=\"#sp-vw3kvy|false\" data-mobile-css=\"\" data-tablet-css=\"\" class=\"sp-el-row sp-w-full  sp-m-auto sm:sp-flex sp-justify-between\" style=\"padding: 0px;\">\n<div id=\"sp-ymqtnu\" data-mobile-visibility=\"#sp-ymqtnu|false\" data-tablet-visibility=\"#sp-ymqtnu|false\" data-desktop-visibility=\"#sp-ymqtnu|false\" data-mobile-css=\"\" data-tablet-css=\"\" class=\"sp-el-col  sp-w-full\" style=\"width: calc(100% + 0px);\">\n<figure id=\"sp-cb5t79\" data-mobile-css=\"#sp-cb5t79|text-align:center;\" data-tablet-css=\"#sp-cb5t79|text-align:center;\" class=\"sp-image-wrapper sp-el-block\" style=\"margin: 15px 0px 0px; padding: 0px; text-align: center;\">\n<div><span><img loading=\"lazy\" decoding=\"async\" src=\"http:\/\/web-dizajn5.com.hr\/wp-content\/uploads\/2026\/01\/feedback-3403902_1280.jpg\" alt=\"Web Dizajn\" width=\"1280\" height=\"584\" data-dynamic-tag=\"\" data-image-src=\"wpmedia\" data-mobile-visibility=\".sp-image-block-cb5t79|false\" data-tablet-visibility=\".sp-image-block-cb5t79|false\" data-desktop-visibility=\".sp-image-block-cb5t79|false\" srcset=\" http:\/\/web-dizajn5.com.hr\/wp-content\/uploads\/2026\/01\/feedback-3403902_1280-150x150.jpg 150w, http:\/\/web-dizajn5.com.hr\/wp-content\/uploads\/2026\/01\/feedback-3403902_1280-300x137.jpg 300w, http:\/\/web-dizajn5.com.hr\/wp-content\/uploads\/2026\/01\/feedback-3403902_1280-1024x467.jpg 1024w, http:\/\/web-dizajn5.com.hr\/wp-content\/uploads\/2026\/01\/feedback-3403902_1280.jpg 1280w\" class=\"sp-image-block-cb5t79 custom-preview-class\" style=\"transform: rotate(-5deg); width: 1280px; box-shadow: rgb(0, 0, 0) 0px 20px 20px -20px;\"><\/span><\/div>\n<div id=\"sp-image-dynamic-tags-js-cb5t79\"><script>jQuery(function() { image_dynamic_tags('cb5t79' );});<\/script><\/div>\n<\/figure>\n<\/div>\n<\/div>\n<\/section>\n<section id=\"sp-k88262\" data-mobile-visibility=\"#sp-k88262|false\" data-tablet-visibility=\"#sp-k88262|false\" data-desktop-visibility=\"#sp-k88262|false\" data-mobile-css=\"\" data-tablet-css=\"\" class=\"sp-el-section \" style=\"width: 100%; max-width: 100%;\">\n<div id=\"sp-ysotaj\" data-mobile-visibility=\"#sp-ysotaj|false\" data-tablet-visibility=\"#sp-ysotaj|false\" data-desktop-visibility=\"#sp-ysotaj|false\" data-mobile-css=\"\" data-tablet-css=\"\" class=\"sp-el-row sp-w-full  sp-m-auto sm:sp-flex sp-justify-between\">\n<div id=\"sp-ef3hkj\" data-mobile-visibility=\"#sp-ef3hkj|false\" data-tablet-visibility=\"#sp-ef3hkj|false\" data-desktop-visibility=\"#sp-ef3hkj|false\" data-mobile-css=\"\" data-tablet-css=\"\" class=\"sp-el-col  sp-w-full\" style=\"width: calc(100% + 0px); background-image: linear-gradient(0deg, rgba(0, 0, 0, 0), rgba(0, 0, 0, 0)), url('http:\/\/web-dizajn5.com.hr\/wp-content\/uploads\/2026\/01\/feedback-3403902_1280.jpg');\"><span href=\"\" target=\"\" rel=\"\" class=\"sp-header-block-link\" style=\"text-decoration: none;\"><\/p>\n<h1 id=\"sp-imxu43\" data-mobile-css=\".sp-headline-block-imxu43, #sp-imxu43, #imxu43|text-align:center;\" data-tablet-css=\".sp-headline-block-imxu43, #sp-imxu43, #imxu43|text-align:center;\" data-mobile-visibility=\".sp-headline-block-imxu43|false\" data-tablet-visibility=\".sp-headline-block-imxu43|false\" data-desktop-visibility=\".sp-headline-block-imxu43|false\" class=\"sp-css-target sp-el-block sp-headline-block-imxu43 sp-type-header\" style=\"font-size: 45px; font-weight: bold; font-family: 'Times New Roman', Times, serif; color: rgb(255, 255, 255); text-align: center; margin: -4px 0px 0px;\">Paketi<\/h1>\n<p><\/span><\/div>\n<\/div>\n<\/section>\n<section id=\"sp-p66q0f\" data-mobile-visibility=\"#sp-p66q0f|false\" data-tablet-visibility=\"#sp-p66q0f|false\" data-desktop-visibility=\"#sp-p66q0f|false\" data-mobile-css=\"\" data-tablet-css=\"\" class=\"sp-el-section \" style=\"width: 100%; max-width: 100%;\">\n<div id=\"sp-eky1hb\" data-mobile-visibility=\"#sp-eky1hb|false\" data-tablet-visibility=\"#sp-eky1hb|false\" data-desktop-visibility=\"#sp-eky1hb|false\" data-mobile-css=\"\" data-tablet-css=\"\" class=\"sp-el-row sp-w-full  sp-m-auto sm:sp-flex sp-justify-between\">\n<div id=\"sp-ax6mka\" data-mobile-visibility=\"#sp-ax6mka|false\" data-tablet-visibility=\"#sp-ax6mka|false\" data-desktop-visibility=\"#sp-ax6mka|false\" data-mobile-css=\"#sp-ax6mka|margin-bottom:15px;\" data-tablet-css=\"\" class=\"sp-el-col  sp-w-full\" style=\"border-radius: 10px; box-shadow: rgb(30, 136, 229) 5px 5px 5px 5px; width: calc(33.3333% - 15px);\">\n<div id=\"sp-qo2kbx\" data-mobile-css=\".sp-text-wrapper-qo2kbx, #sp-qo2kbx, #qo2kbx|text-align:left;\" data-tablet-css=\".sp-text-wrapper-qo2kbx, #sp-qo2kbx, #qo2kbx|text-align:left;\" data-mobile-visibility=\".sp-text-wrapper-qo2kbx|false\" data-tablet-visibility=\".sp-text-wrapper-qo2kbx|false\" data-desktop-visibility=\".sp-text-wrapper-qo2kbx|false\" class=\"sp-css-target sp-text-wrapper sp-el-block sp-text-block-style sp-text-wrapper-qo2kbx\" style=\"font-size: 20px; font-family: 'Times New Roman', Times, serif; margin: 0px; text-align: left;\">\n<p style=\"text-align: center;\"><strong>A &#8211; Paketi<\/strong><\/p>\n<p style=\"text-align: center;\"><strong>One-page web stranica (Lead stranica)<\/strong><\/p>\n<p style=\"text-align: center;\">Jednostavna i moderna web stranica izra\u0111ena kao jedna cjelina, potpuno prilago\u0111ena svim ure\u0111ajima.<br \/>Uklju\u010duje osnovnu SEO optimizaciju (struktura naslova, meta opis i ALT oznake za slike), kontakt sekciju te vizualno ure\u0111eni dizajn pomo\u0107u SeedProda.<\/p>\n<p style=\"text-align: center;\">Ovaj paket idealan je za brzi izlazak na web i jasno predstavljanje usluge ili projekta. Jednostavna i u\u010dinkovita.<\/p>\n<p style=\"text-align: left;\"><strong>Primjeri:<\/strong><br \/><strong><a href=\"http:\/\/plan.marketing5.com.hr\">plan.marketing5.com.hr<\/a><\/strong><br \/><strong><a href=\"http:\/\/prvi.web-dizajn.com.hr motor5.com.hr\" data-wplink-url-error=\"true\">prvi.web-dizajn.com.hr<\/a><\/strong><strong><a href=\"http:\/\/motor5.com.hr\">motor5.com.hr<\/a><\/strong><\/p>\n<p><a href=\"http:\/\/im.web5.com.hr\"><strong>im.web5.com.hr<\/strong><\/a><\/p>\n<p style=\"text-align: center;\"><strong>Cijena:<\/strong> od <strong>350 \u2013 500 \u20ac<\/strong><\/p>\n<\/div>\n<\/div>\n<div id=\"sp-nxcgku\" data-mobile-visibility=\"#sp-nxcgku|false\" data-tablet-visibility=\"#sp-nxcgku|false\" data-desktop-visibility=\"#sp-nxcgku|false\" data-mobile-css=\"#sp-nxcgku|margin-bottom:15px;\" data-tablet-css=\"\" class=\"sp-el-col  sp-w-full\" style=\"border-radius: 10px; box-shadow: rgb(30, 136, 229) 5px 5px 5px 5px; background-color: rgb(255, 255, 255); width: calc(33.3333% - 15px);\">\n<div id=\"sp-x8ddp1\" data-mobile-css=\".sp-text-wrapper-x8ddp1, #sp-x8ddp1, #x8ddp1|text-align:left;\" data-tablet-css=\".sp-text-wrapper-x8ddp1, #sp-x8ddp1, #x8ddp1|text-align:left;\" data-mobile-visibility=\".sp-text-wrapper-x8ddp1|false\" data-tablet-visibility=\".sp-text-wrapper-x8ddp1|false\" data-desktop-visibility=\".sp-text-wrapper-x8ddp1|false\" class=\"sp-css-target sp-text-wrapper sp-el-block sp-text-block-style sp-text-wrapper-x8ddp1\" style=\"font-size: 20px; font-family: 'Times New Roman', Times, serif; margin: 0px; text-align: left;\">\n<p style=\"text-align: center;\"><strong>B &#8211; Paketi<\/strong><\/p>\n<p style=\"text-align: center;\"><strong>Jednostavna WordPress web stranica<\/strong><\/p>\n<p style=\"text-align: center;\">WordPress web stranica s vi\u0161e zasebnih stranica, namijenjena osnovnoj i preglednoj online prezentaciji.<br \/>Paket uklju\u010duje do 5\u20136 stranica, responzivan dizajn prilago\u0111en svim ure\u0111ajima te jasno strukturiran sadr\u017eaj.<\/p>\n<p style=\"text-align: center;\">Ovaj paket prikladan je za male tvrtke, obrte i druge samostalne djelatnosti kojima je potrebna stabilna i jednostavna web prisutnost.<\/p>\n<p style=\"text-align: left;\"><strong>Primjeri:<\/strong><br \/><a href=\"http:\/\/ok.komunikacijsko-savjetovanje.com.hr\"><b>ok.komunikacijsko-savjetovanje.com.hr<\/b><\/a><br \/><strong><a href=\"http:\/\/marketing5.com.hr\">marketing5.com.hr<\/a><\/strong><br \/><strong><a href=\"http:\/\/komunikacijsko-savjetovanje.com.hr\">komunikacijsko-savjetovanje.com.hr<\/a><\/strong><\/p>\n<p style=\"text-align: center;\"><strong>Cijena:<\/strong> <strong>555 \u2013 755 \u20ac<\/strong><\/p>\n<\/div>\n<\/div>\n<div id=\"sp-s47vlg\" data-mobile-visibility=\"#sp-s47vlg|false\" data-tablet-visibility=\"#sp-s47vlg|false\" data-desktop-visibility=\"#sp-s47vlg|false\" data-mobile-css=\"#sp-s47vlg|margin-bottom:15px;\" data-tablet-css=\"\" class=\"sp-el-col  sp-w-full\" style=\"border-radius: 10px; box-shadow: rgb(30, 136, 229) 5px 5px 5px 5px; width: calc(33.3333% - 15px);\">\n<div id=\"sp-n2aioj\" data-mobile-css=\".sp-text-wrapper-n2aioj, #sp-n2aioj, #n2aioj|text-align:left;\" data-tablet-css=\".sp-text-wrapper-n2aioj, #sp-n2aioj, #n2aioj|text-align:left;\" data-mobile-visibility=\".sp-text-wrapper-n2aioj|false\" data-tablet-visibility=\".sp-text-wrapper-n2aioj|false\" data-desktop-visibility=\".sp-text-wrapper-n2aioj|false\" class=\"sp-css-target sp-text-wrapper sp-el-block sp-text-block-style sp-text-wrapper-n2aioj\" style=\"font-size: 20px; font-family: 'Times New Roman', Times, serif; margin: 0px; text-align: left;\">\n<p style=\"text-align: center;\"><strong>C &#8211; Paketi<\/strong><\/p>\n<p style=\"text-align: center;\"><strong>WordPress + SeedProd stranice<\/strong><\/p>\n<p style=\"text-align: center;\">Do 5 &#8211; 6 stranica<\/p>\n<p style=\"text-align: center;\">Ovi projekti izra\u0111eni su u WordPressu kao vi\u0161estrani\u010dne web stranice s naglaskom na preglednu strukturu, responzivan dizajn i jasno prezentirane usluge. Svaka stranica prilago\u0111ena je specifi\u010dnoj djelatnosti Posebna pa\u017enja posve\u0107ena je \u010ditljivosti sadr\u017eaja, temeljnoj SEO optimizaciji i jednostavnom kontaktu s krajnjim korisnicima.<\/p>\n<p style=\"text-align: center;\"><strong>Primjeri:<\/strong><\/p>\n<ul data-start=\"911\" data-end=\"1140\">\n<li style=\"list-style-type: none;\">\n<ul data-start=\"927\" data-end=\"1034\">\n<li style=\"text-align: center;\" data-start=\"927\" data-end=\"977\">\n<p data-start=\"929\" data-end=\"977\"><strong><a class=\"decorated-link\" href=\"https:\/\/web-dizajn.com.hr\/?utm_source=chatgpt.com\" target=\"_new\" rel=\"noopener\" data-start=\"929\" data-end=\"975\">web-dizajn.com.hr<\/a><\/strong><\/p>\n<\/li>\n<li data-start=\"980\" data-end=\"1034\">\n<p data-start=\"982\" data-end=\"1034\"><strong><a class=\"decorated-link\" href=\"https:\/\/pr-savjetovanje.com\/?utm_source=chatgpt.com\" target=\"_new\" rel=\"noopener\" data-start=\"982\" data-end=\"1032\">pr-savjetovanje.com<\/a><\/strong><\/p>\n<\/li>\n<li data-start=\"980\" data-end=\"1034\">\n<p data-start=\"982\" data-end=\"1034\"><strong><a href=\"https:\/\/digitalni-marketing5.com.hr\/\">digitalni-marketing5.com.hr<\/a><\/strong><\/p>\n<\/li>\n<li data-start=\"980\" data-end=\"1034\"><a href=\"http:\/\/5.web-dizajn5.com.hr\"><strong>5.web-dizajn5.com.hr<\/strong><\/a><\/li>\n<li data-start=\"980\" data-end=\"1034\">\n<p style=\"text-align: center;\" data-start=\"982\" data-end=\"1034\">Cijena:&nbsp;<strong data-start=\"1123\" data-end=\"1138\">755 \u2013 955 \u20ac<\/strong><\/p>\n<\/li>\n<\/ul>\n<\/li>\n<\/ul>\n<\/div>\n<\/div>\n<\/div>\n<\/section>\n<section id=\"sp-rsc39l\" data-mobile-visibility=\"#sp-rsc39l|false\" data-tablet-visibility=\"#sp-rsc39l|false\" data-desktop-visibility=\"#sp-rsc39l|false\" data-mobile-css=\"\" data-tablet-css=\"\" class=\"sp-el-section \" style=\"width: 100%; max-width: 100%;\">\n<div id=\"sp-v3mcjh\" data-mobile-visibility=\"#sp-v3mcjh|false\" data-tablet-visibility=\"#sp-v3mcjh|false\" data-desktop-visibility=\"#sp-v3mcjh|false\" data-mobile-css=\"\" data-tablet-css=\"\" class=\"sp-el-row sp-w-full  sp-m-auto sm:sp-flex sp-justify-between\">\n<div id=\"sp-bgrj1v\" data-mobile-visibility=\"#sp-bgrj1v|false\" data-tablet-visibility=\"#sp-bgrj1v|false\" data-desktop-visibility=\"#sp-bgrj1v|false\" data-mobile-css=\"\" data-tablet-css=\"\" class=\"sp-el-col  sp-w-full\" style=\"width: calc(100% + 0px);\">\n<div id=\"sp-button-parent-m030ws\" data-mobile-css=\"#sp-button-parent-m030ws|text-align:center;\" data-tablet-css=\"#sp-button-parent-m030ws|text-align:center;\" class=\"sp-button-wrapper sp-el-block\" style=\"margin: 0px; text-align: center;\"><a href=\"http:\/\/web-dizajn5.com.hr\" id=\"sp-m030ws\" data-mobile-css=\"\" data-tablet-css=\"\" data-mobile-visibility=\".sp-button-m030ws|false\" data-tablet-visibility=\".sp-button-m030ws|false\" data-desktop-visibility=\".sp-button-m030ws|false\" target=\"\" rel=\"\" class=\"sp-button sp-css-target sp-text-center sp-inline-block sp-leading-none sp-button-m030ws\" style=\"font-size: 18px; background: rgb(0, 0, 0); color: rgb(255, 255, 255); width: auto; padding: 12px 16px;\"><span style=\"font-family: 'Times New Roman', Times, serif;\">Po\u010detna<\/span><\/a><\/div>\n<\/div>\n<\/div>\n<\/section>\n<section id=\"sp-yhmnhn\" data-mobile-visibility=\"#sp-yhmnhn|false\" data-tablet-visibility=\"#sp-yhmnhn|false\" data-desktop-visibility=\"#sp-yhmnhn|false\" data-mobile-css=\"\" data-tablet-css=\"\" class=\"sp-el-section \" style=\"width: 100%; max-width: 100%;\">\n<div id=\"sp-dct43o\" data-mobile-visibility=\"#sp-dct43o|false\" data-tablet-visibility=\"#sp-dct43o|false\" data-desktop-visibility=\"#sp-dct43o|false\" data-mobile-css=\"\" data-tablet-css=\"\" class=\"sp-el-row sp-w-full  sp-m-auto sm:sp-flex sp-justify-between\">\n<div id=\"sp-s6xhx2\" data-mobile-visibility=\"#sp-s6xhx2|false\" data-tablet-visibility=\"#sp-s6xhx2|false\" data-desktop-visibility=\"#sp-s6xhx2|false\" data-mobile-css=\"\" data-tablet-css=\"\" class=\"sp-el-col  sp-w-full\" style=\"border-radius: 25px; box-shadow: rgb(30, 136, 229) 5px 5px 5px 5px; background-color: rgb(245, 241, 216); width: calc(100% + 0px);\">\n<div id=\"sp-mrtjew\" data-mobile-css=\".sp-text-wrapper-mrtjew, #sp-mrtjew, #mrtjew|text-align:left;\" data-tablet-css=\".sp-text-wrapper-mrtjew, #sp-mrtjew, #mrtjew|text-align:left;\" data-mobile-visibility=\".sp-text-wrapper-mrtjew|false\" data-tablet-visibility=\".sp-text-wrapper-mrtjew|false\" data-desktop-visibility=\".sp-text-wrapper-mrtjew|false\" class=\"sp-css-target sp-text-wrapper sp-el-block sp-text-block-style sp-text-wrapper-mrtjew\" style=\"font-size: 25px; font-family: 'Times New Roman', Times, serif; margin: 0px; text-align: left;\">\n<p id=\"sp-3p61tcx6hr\" style=\"text-align: center;\"><strong>Premium WordPress web stranica<\/strong><\/p>\n<p id=\"sp-bmrj7y9d3z\" style=\"text-align: center;\"><strong>Premium paket namijenjen je klijentima koji \u017eele&nbsp;vizualno sna\u017enu, sadr\u017eajno bogatu i profesionalno strukturiranu web stranicu&nbsp;koja ostavlja ozbiljan dojam i jasno komunicira vrijednost poslovanja.<\/strong><\/p>\n<p id=\"sp-tub1ey85xm\" style=\"text-align: center;\"><strong>Web stranice se izra\u0111uju u WordPressu uz napredni dizajn, vi\u0161e zasebnih stranica i pa\u017eljivo razra\u0111enu strukturu sadr\u017eaja. Poseban naglasak stavlja se na&nbsp;detalje, preglednost, korisni\u010dko iskustvo i prilagodbu konkretnim poslovnim ciljevima.<\/strong><\/p>\n<p id=\"sp-jci4d3rmyi\" style=\"text-align: center;\"><strong>Paket uklju\u010duje:<\/strong><\/p>\n<ul id=\"sp-19v1p32wuz\" style=\"text-align: center;\">\n<li><strong>izradu vi\u0161estrani\u010dne WordPress web stranice<\/strong><\/li>\n<li><strong>napredniji i vizualno dora\u0111en dizajn<\/strong><\/li>\n<li><strong>responzivnost za sva ra\u010dunala, tablete i mobitele<\/strong><\/li>\n<li><strong>jasno strukturiranu navigaciju i sadr\u017eaj<\/strong><\/li>\n<li><strong>osnovnu SEO optimizaciju (naslovi, meta opisi, ALT oznake)<\/strong><\/li>\n<li><strong>prilagodbu dizajna i sadr\u017eaja va\u0161em brendu<\/strong><\/li>\n<\/ul>\n<p id=\"sp-ov6vf1cl82\" style=\"text-align: center;\"><strong>Primjer web stranice:<\/strong><\/p>\n<p id=\"sp-jcoyx81kt3\" style=\"text-align: center;\"><strong><a href=\"https:\/\/5.web-dizajn5.com.hr\/\">https:\/\/5.web-dizajn5.com.hr<\/a><\/strong><\/p>\n<p id=\"sp-pqflmk758l\" style=\"text-align: center;\"><strong>Cijena: 1.000 \u2013 1.500 \u20ac<\/strong><\/p>\n<p id=\"sp-cs0ydbzs4i\" style=\"text-align: center;\"><strong>Zatra\u017eite Premium ponudu<\/strong><\/p>\n<\/div>\n<\/div>\n<\/div>\n<\/section>\n<section id=\"sp-qfi2s5\" data-mobile-visibility=\"#sp-qfi2s5|false\" data-tablet-visibility=\"#sp-qfi2s5|false\" data-desktop-visibility=\"#sp-qfi2s5|false\" data-mobile-css=\"\" data-tablet-css=\"\" class=\"sp-el-section \" style=\"width: 100%; max-width: 100%;\">\n<div id=\"sp-f3jg3q\" data-mobile-visibility=\"#sp-f3jg3q|false\" data-tablet-visibility=\"#sp-f3jg3q|false\" data-desktop-visibility=\"#sp-f3jg3q|false\" data-mobile-css=\"\" data-tablet-css=\"\" class=\"sp-el-row sp-w-full  sp-m-auto sm:sp-flex sp-justify-between\">\n<div id=\"sp-t06f40\" data-mobile-visibility=\"#sp-t06f40|false\" data-tablet-visibility=\"#sp-t06f40|false\" data-desktop-visibility=\"#sp-t06f40|false\" data-mobile-css=\"\" data-tablet-css=\"\" class=\"sp-el-col  sp-w-full\" style=\"width: calc(100% + 0px);\">\n<div id=\"sp-button-parent-w7bip9\" data-mobile-css=\"#sp-button-parent-w7bip9|text-align:center;\" data-tablet-css=\"#sp-button-parent-w7bip9|text-align:center;\" class=\"sp-button-wrapper sp-el-block\" style=\"margin: 0px; text-align: center;\"><a href=\"http:\/\/web-dizajn5.com.hr\" id=\"sp-w7bip9\" data-mobile-css=\"\" data-tablet-css=\"\" data-mobile-visibility=\".sp-button-w7bip9|false\" data-tablet-visibility=\".sp-button-w7bip9|false\" data-desktop-visibility=\".sp-button-w7bip9|false\" target=\"\" rel=\"\" class=\"sp-button sp-css-target sp-text-center sp-inline-block sp-leading-none sp-button-w7bip9\" style=\"font-size: 22px; background: rgb(0, 0, 0); color: rgb(255, 255, 255); width: auto; padding: 16px 20px;\"><span style=\"font-family: 'Times New Roman', Times, serif;\">Po\u0107etna<\/span><\/a><\/div>\n<\/div>\n<\/div>\n<\/section>\n<section id=\"sp-m9oewu\" data-mobile-visibility=\"#sp-m9oewu|false\" data-tablet-visibility=\"#sp-m9oewu|false\" data-desktop-visibility=\"#sp-m9oewu|false\" data-mobile-css=\"\" data-tablet-css=\"\" class=\"sp-el-section \" style=\"width: 100%; max-width: 100%;\">\n<div id=\"sp-e1jjom\" data-mobile-visibility=\"#sp-e1jjom|false\" data-tablet-visibility=\"#sp-e1jjom|false\" data-desktop-visibility=\"#sp-e1jjom|false\" data-mobile-css=\"\" data-tablet-css=\"\" class=\"sp-el-row sp-w-full  sp-m-auto sm:sp-flex sp-justify-between\">\n<div id=\"sp-z6xlsw\" data-mobile-visibility=\"#sp-z6xlsw|false\" data-tablet-visibility=\"#sp-z6xlsw|false\" data-desktop-visibility=\"#sp-z6xlsw|false\" data-mobile-css=\"\" data-tablet-css=\"\" class=\"sp-el-col  sp-w-full\" style=\"box-shadow: 5px 5px 5px 5px; width: calc(100% + 0px);\">\n<div id=\"sp-g0bprs\" data-mobile-css=\".sp-text-wrapper-g0bprs, #sp-g0bprs, #g0bprs|text-align:left;\" data-tablet-css=\".sp-text-wrapper-g0bprs, #sp-g0bprs, #g0bprs|text-align:left;\" data-mobile-visibility=\".sp-text-wrapper-g0bprs|false\" data-tablet-visibility=\".sp-text-wrapper-g0bprs|false\" data-desktop-visibility=\".sp-text-wrapper-g0bprs|false\" class=\"sp-css-target sp-text-wrapper sp-el-block sp-text-block-style sp-text-wrapper-g0bprs\" style=\"font-size: 25px; font-family: 'Times New Roman', Times, serif; margin: 0px; text-align: left;\">\n<p style=\"text-align: center;\"><strong>e-mail: pomaganje5@gmail.com, Tel.097 706 3 830<\/strong><\/p>\n<\/div>\n<\/div>\n<\/div>\n<\/section>\n<\/div>\n","protected":false},"excerpt":{"rendered":"<p>Paketi A &#8211; Paketi One-page web stranica (Lead stranica) Jednostavna i moderna web stranica izra\u0111ena kao jedna cjelina, potpuno prilago\u0111ena svim ure\u0111ajima.Uklju\u010duje osnovnu SEO optimizaciju (struktura naslova, meta opis i ALT oznake za slike), kontakt sekciju te vizualno ure\u0111eni dizajn pomo\u0107u SeedProda. Ovaj paket idealan je za brzi izlazak na web i jasno predstavljanje usluge [&hellip;]<\/p>\n","protected":false},"author":1,"featured_media":0,"parent":0,"menu_order":0,"comment_status":"closed","ping_status":"closed","template":"","meta":{"pagelayer_contact_templates":[],"_pagelayer_content":"","footnotes":""},"class_list":["post-189","page","type-page","status-publish","hentry"],"_links":{"self":[{"href":"http:\/\/web-dizajn5.com.hr\/index.php?rest_route=\/wp\/v2\/pages\/189","targetHints":{"allow":["GET"]}}],"collection":[{"href":"http:\/\/web-dizajn5.com.hr\/index.php?rest_route=\/wp\/v2\/pages"}],"about":[{"href":"http:\/\/web-dizajn5.com.hr\/index.php?rest_route=\/wp\/v2\/types\/page"}],"author":[{"embeddable":true,"href":"http:\/\/web-dizajn5.com.hr\/index.php?rest_route=\/wp\/v2\/users\/1"}],"replies":[{"embeddable":true,"href":"http:\/\/web-dizajn5.com.hr\/index.php?rest_route=%2Fwp%2Fv2%2Fcomments&post=189"}],"version-history":[{"count":48,"href":"http:\/\/web-dizajn5.com.hr\/index.php?rest_route=\/wp\/v2\/pages\/189\/revisions"}],"predecessor-version":[{"id":318,"href":"http:\/\/web-dizajn5.com.hr\/index.php?rest_route=\/wp\/v2\/pages\/189\/revisions\/318"}],"wp:attachment":[{"href":"http:\/\/web-dizajn5.com.hr\/index.php?rest_route=%2Fwp%2Fv2%2Fmedia&parent=189"}],"curies":[{"name":"wp","href":"https:\/\/api.w.org\/{rel}","templated":true}]}}